{"id":31,"date":"2016-07-20T22:58:01","date_gmt":"2016-07-20T20:58:01","guid":{"rendered":"http:\/\/www.andert-wein.at\/en\/?page_id=31"},"modified":"2022-02-19T13:44:29","modified_gmt":"2022-02-19T12:44:29","slug":"wines","status":"publish","type":"page","link":"https:\/\/www.andert-wein.at\/en\/wines\/","title":{"rendered":"Wines"},"content":{"rendered":"<p><a href=\"http:\/\/www.andert-wein.at\/de\/weine\/\"><img loading=\"lazy\" decoding=\"async\" class=\"size-full wp-image-53 alignright\" src=\"http:\/\/www.andert-wein.at\/en\/wp-content\/uploads\/sites\/4\/2016\/08\/map_AT.jpg\" alt=\"map_AT\" width=\"40\" height=\"27\" \/><\/a><\/p>\n<p><strong>\u201ePamhogna\u201c Wei\u00df 2021<\/strong><br \/>\nRUL, NB, WB<\/p>\n<p><strong>Rul\u00e4nder 2020<\/strong><br \/>\n100% Rul\u00e4nder<\/p>\n<p><strong>\u201cPamhogna\u201d Rot\u00a0 2018\/2019<\/strong><br \/>\n<strong>\u201ePamhogna\u201c Rot\u00a0 2013\/2015\/2017 (MAGNUM)<\/strong><br \/>\nZW, ST.L., C.S.<\/p>\n<p><strong>Zweigelt Russenacker 2015\/2017<br \/>\nZweigelt Russenacker 2012\/2015 (MAGNUM)<\/strong><br \/>\n100% Zweigelt<\/p>\n<p><strong>Laerchenfeld 2015<\/strong><br \/>\n<strong>Laerchenfeld\u00a02013 (MAGNUM)<\/strong><br \/>\nC.S.<\/p>\n<hr \/>\n<p><strong>Traubensaft Zweigelt 2021 <\/strong>red<\/p>\n<p><strong>Verjus 2020<\/strong><\/p>\n<p><strong>1000 ML rot 2021<\/strong> red, dry<\/p>\n<p><strong>Ros\u00e9 2021<\/strong> ros\u00e9, dry<\/p>\n<p><strong>Blauer Zweigelt 2019<\/strong> red, dry<\/p>\n<p><strong>Personalgetr\u00e6nk #5<\/strong> dry<\/p>\n<p><strong>Anadjucka GV 2021<\/strong> mitohnealles, dry<\/p>\n<p><strong>Nemeth<\/strong> und trinket <strong>2017<\/strong> mitohnealles, red, dry<\/p>\n<p><strong>Rocky 2015<\/strong> <strong>Zweigelt<\/strong> red, dry<\/p>\n<p><strong>Sankt Laurent 2019<\/strong> red, dry<\/p>\n<p><strong>Cabernet 2014<\/strong> red, dry<\/p>\n<p><strong>Wermutlich<\/strong> red or ros\u00e9<\/p>\n<p><strong>Edelbrand<\/strong> und Kr\u00e4uter<\/p>\n<p><b>Zigarrenbrand <\/b>54% vol alk<\/p>\n<p><strong>Kr\u00e4uterbitter \u201eLerchenfeld\u201c<\/strong><\/p>\n<p><em>mitohnealles = (unfiltered and without So\u00b2)<\/em><\/p>\n","protected":false},"excerpt":{"rendered":"<p>\u201ePamhogna\u201c Wei\u00df 2021 RUL, NB, WB Rul\u00e4nder 2020 100% Rul\u00e4nder \u201cPamhogna\u201d Rot\u00a0 2018\/2019 \u201ePamhogna\u201c Rot\u00a0 2013\/2015\/2017 (MAGNUM) ZW, ST.L., C.S. Zweigelt Russenacker 2015\/2017 Zweigelt Russenacker 2012\/2015 (MAGNUM) 100% Zweigelt Laerchenfeld 2015 Laerchenfeld\u00a02013 (MAGNUM) C.S. Traubensaft Zweigelt 2021 red Verjus 2020 1000 ML rot 2021 red, dry Ros\u00e9 2021 ros\u00e9, dry Blauer Zweigelt 2019 red, dry <a class=\"more-link\" href=\"https:\/\/www.andert-wein.at\/en\/wines\/\">Continue reading <i class=\"fa fa-chevron-right\"><\/i><\/a><\/p>\n","protected":false},"author":1,"featured_media":0,"parent":0,"menu_order":0,"comment_status":"closed","ping_status":"closed","template":"","meta":{"footnotes":""},"class_list":["post-31","page","type-page","status-publish","hentry"],"_links":{"self":[{"href":"https:\/\/www.andert-wein.at\/en\/wp-json\/wp\/v2\/pages\/31","targetHints":{"allow":["GET"]}}],"collection":[{"href":"https:\/\/www.andert-wein.at\/en\/wp-json\/wp\/v2\/pages"}],"about":[{"href":"https:\/\/www.andert-wein.at\/en\/wp-json\/wp\/v2\/types\/page"}],"author":[{"embeddable":true,"href":"https:\/\/www.andert-wein.at\/en\/wp-json\/wp\/v2\/users\/1"}],"replies":[{"embeddable":true,"href":"https:\/\/www.andert-wein.at\/en\/wp-json\/wp\/v2\/comments?post=31"}],"version-history":[{"count":10,"href":"https:\/\/www.andert-wein.at\/en\/wp-json\/wp\/v2\/pages\/31\/revisions"}],"predecessor-version":[{"id":212,"href":"https:\/\/www.andert-wein.at\/en\/wp-json\/wp\/v2\/pages\/31\/revisions\/212"}],"wp:attachment":[{"href":"https:\/\/www.andert-wein.at\/en\/wp-json\/wp\/v2\/media?parent=31"}],"curies":[{"name":"wp","href":"https:\/\/api.w.org\/{rel}","templated":true}]}}